{"id":15387,"date":"2023-10-21T08:56:52","date_gmt":"2023-10-21T08:56:52","guid":{"rendered":"https:\/\/sektorelfirmalar.com\/reklam\/urun\/firma-tanitim\/"},"modified":"2023-10-25T22:48:03","modified_gmt":"2023-10-25T22:48:03","slug":"firma-tanitim","status":"publish","type":"product","link":"https:\/\/sektorelfirmalar.com\/reklam\/urun\/firma-tanitim\/","title":{"rendered":"Firma Tan\u0131t\u0131m"},"content":{"rendered":"<ul class=\"elementor-price-table__features-list\">\n<li class=\"elementor-repeater-item-3100e9c\">\n<div class=\"elementor-price-table__feature-inner\">Tan\u0131t\u0131m Yaz\u0131s\u0131<\/div>\n<\/li>\n<li class=\"elementor-repeater-item-d2d6a2d\">\n<div class=\"elementor-price-table__feature-inner\">Yay\u0131n S\u00fcresi, 1 Y\u0131l<\/div>\n<\/li>\n<\/ul>\n","protected":false},"excerpt":{"rendered":"<ul class=\"elementor-price-table__features-list\">\n<li class=\"elementor-repeater-item-3100e9c\">\n<div class=\"elementor-price-table__feature-inner\">Tan\u0131t\u0131m Yaz\u0131s\u0131<\/div>\n<\/li>\n<li class=\"elementor-repeater-item-d2d6a2d\">\n<div class=\"elementor-price-table__feature-inner\">Yay\u0131n S\u00fcresi, 1 Y\u0131l<\/div>\n<\/li>\n<\/ul>\n","protected":false},"featured_media":15746,"template":"","meta":[],"product_cat":[102],"product_tag":[],"class_list":{"0":"post-15387","1":"product","2":"type-product","3":"status-publish","4":"has-post-thumbnail","6":"product_cat-sektorelfirmalar","8":"first","9":"instock","10":"sale","11":"downloadable","12":"taxable","13":"shipping-taxable","14":"purchasable","15":"product-type-simple"},"_links":{"self":[{"href":"https:\/\/sektorelfirmalar.com\/reklam\/wp-json\/wp\/v2\/product\/15387","targetHints":{"allow":["GET"]}}],"collection":[{"href":"https:\/\/sektorelfirmalar.com\/reklam\/wp-json\/wp\/v2\/product"}],"about":[{"href":"https:\/\/sektorelfirmalar.com\/reklam\/wp-json\/wp\/v2\/types\/product"}],"wp:featuredmedia":[{"embeddable":true,"href":"https:\/\/sektorelfirmalar.com\/reklam\/wp-json\/wp\/v2\/media\/15746"}],"wp:attachment":[{"href":"https:\/\/sektorelfirmalar.com\/reklam\/wp-json\/wp\/v2\/media?parent=15387"}],"wp:term":[{"taxonomy":"product_cat","embeddable":true,"href":"https:\/\/sektorelfirmalar.com\/reklam\/wp-json\/wp\/v2\/product_cat?post=15387"},{"taxonomy":"product_tag","embeddable":true,"href":"https:\/\/sektorelfirmalar.com\/reklam\/wp-json\/wp\/v2\/product_tag?post=15387"}],"curies":[{"name":"wp","href":"https:\/\/api.w.org\/{rel}","templated":true}]}}